{"id":4198,"date":"2024-11-12T12:20:54","date_gmt":"2024-11-12T11:20:54","guid":{"rendered":"https:\/\/hegobatignolles.rigodolo.com\/book-a-course\/"},"modified":"2024-11-14T14:48:49","modified_gmt":"2024-11-14T13:48:49","slug":"book-a-course","status":"publish","type":"page","link":"https:\/\/hego.paris\/en\/book-a-course\/","title":{"rendered":"Book a course"},"content":{"rendered":"\t\t<div data-elementor-type=\"wp-page\" data-elementor-id=\"4198\" class=\"elementor elementor-4198\" data-elementor-post-type=\"page\">\n\t\t\t\t<div class=\"elementor-element elementor-element-9406285 e-flex e-con-boxed e-con e-parent\" data-id=\"9406285\" data-element_type=\"container\" data-settings=\"{&quot;background_background&quot;:&quot;classic&quot;}\">\n\t\t\t\t\t<div class=\"e-con-inner\">\n\t\t<div class=\"elementor-element elementor-element-9b07d03 e-con-full e-flex e-con e-child\" data-id=\"9b07d03\" data-element_type=\"container\">\n\t\t\t\t<div class=\"elementor-element elementor-element-9b66152 elementor-widget elementor-widget-heading\" data-id=\"9b66152\" data-element_type=\"widget\" data-widget_type=\"heading.default\">\n\t\t\t\t<div class=\"elementor-widget-container\">\n\t\t\t\t\t<h1 class=\"elementor-heading-title elementor-size-default\">Book your next session\n\n<\/h1>\t\t\t\t<\/div>\n\t\t\t\t<\/div>\n\t\t\t\t<div class=\"elementor-element elementor-element-648c32c elementor-widget elementor-widget-heading\" data-id=\"648c32c\" data-element_type=\"widget\" data-widget_type=\"heading.default\">\n\t\t\t\t<div class=\"elementor-widget-container\">\n\t\t\t\t\t<span class=\"elementor-heading-title elementor-size-default\">Book a course<\/span>\t\t\t\t<\/div>\n\t\t\t\t<\/div>\n\t\t\t\t<\/div>\n\t\t\t\t\t<\/div>\n\t\t\t\t<\/div>\n\t\t<div class=\"elementor-element elementor-element-911b122 e-flex e-con-boxed e-con e-parent\" data-id=\"911b122\" data-element_type=\"container\">\n\t\t\t\t\t<div class=\"e-con-inner\">\n\t\t\t\t<div class=\"elementor-element elementor-element-64c2ba2 elementor-widget elementor-widget-heading\" data-id=\"64c2ba2\" data-element_type=\"widget\" data-widget_type=\"heading.default\">\n\t\t\t\t<div class=\"elementor-widget-container\">\n\t\t\t\t\t<h2 class=\"elementor-heading-title elementor-size-default\">Organize your training easily\n\n<\/h2>\t\t\t\t<\/div>\n\t\t\t\t<\/div>\n\t\t\t\t<div class=\"elementor-element elementor-element-9abf0ad elementor-widget elementor-widget-heading\" data-id=\"9abf0ad\" data-element_type=\"widget\" data-widget_type=\"heading.default\">\n\t\t\t\t<div class=\"elementor-widget-container\">\n\t\t\t\t\t<span class=\"elementor-heading-title elementor-size-default\">Choose your course and block your slot\n\n<\/span>\t\t\t\t<\/div>\n\t\t\t\t<\/div>\n\t\t\t\t<div class=\"elementor-element elementor-element-5d57dd4 elementor-widget elementor-widget-html\" data-id=\"5d57dd4\" data-element_type=\"widget\" data-widget_type=\"html.default\">\n\t\t\t\t<div class=\"elementor-widget-container\">\n\t\t\t\t\t<div style=\"overflow:hidden !important; position:relative; padding-top:125vh;\">\n  <iframe style=\"position:absolute; overflow-x:hidden !important; height:100%; width:100%; left:0; top:0; border:0;\" frameborder=\"0\" allowfullscreen=\"\" srcdoc=\"  &lt;script id=\"insert-bsport-widget-cdn\"&gt;!function (b, s, p, o, r, t) { !typeof window.BsportWidget !== \"undefined\" &amp;&amp; !document.getElementById(\"bsport-widget-cdn\") &amp;&amp; !function () { m = b.createElement(s), m.id = \"bsport-widget-cdn\", m.src = p, b.getElementsByTagName(\"head\")[0].appendChild(m) }() }(document, \"script\", \"https:\/\/cdn.bsport.io\/scripts\/widget.js\")&lt;!-- wpml:html_fragment &lt;\/script&gt; --&gt;                     &lt;script id=\"bsport-widget-mount\"&gt;                         function MountBsportWidget(config, repeat=1) {                             if (repeat &gt; 50) { return }                             if (!window.BsportWidget) {                                 return setTimeout(() =&gt; {                                     MountBsportWidget(config,repeat+1)                                 }, 100 * repeat || 1)                             }                             BsportWidget.mount(config)                         }                     &lt;\/script&gt;                     &lt;script&gt;                         MountBsportWidget({                                 \"parentElement\": \"bsport-widget-757674\",                                 \"companyId\": 469,                                 \"franchiseId\": null,                                 \"dialogMode\": 0,                                 \"widgetType\": \"calendar\",                                  \"showFab\": false,                                 \"fullScreenPopup\": false,                                 \"styles\":undefined,                                 \"config\": {                                     \"calendar\": {}                                 }                               })                     &lt;\/script&gt;                 &lt;div id=\"bsport-widget-757674\"&gt;&lt;\/div&gt;  \">\n  <\/iframe>\n<\/div>\t\t\t\t<\/div>\n\t\t\t\t<\/div>\n\t\t\t\t\t<\/div>\n\t\t\t\t<\/div>\n\t\t\t\t<\/div>\n\t\t","protected":false},"excerpt":{"rendered":"<p>Book your next session Organize your training easily Choose your course and block your slot<\/p>\n","protected":false},"author":9,"featured_media":4006,"parent":0,"menu_order":0,"comment_status":"closed","ping_status":"closed","template":"","meta":{"_acf_changed":false,"footnotes":""},"class_list":["post-4198","page","type-page","status-publish","has-post-thumbnail","hentry"],"acf":[],"yoast_head":"<!-- This site is optimized with the Yoast SEO plugin v25.5 - https:\/\/yoast.com\/wordpress\/plugins\/seo\/ -->\n<title>Book a Class | HEGO Paris - CrossFit\u00ae, HYROX\u00ae and more<\/title>\n<meta name=\"description\" content=\"It&#039;s easy to book a class at HEGO Paris: CrossFit\u00ae, HYROX\u00ae and other activities await you at our club in the 17th arrondissement. Choose your time slot and join us for a motivating workout!\" \/>\n<meta name=\"robots\" content=\"index, follow, max-snippet:-1, max-image-preview:large, max-video-preview:-1\" \/>\n<link rel=\"canonical\" href=\"https:\/\/hego.paris\/en\/book-a-course\/\" \/>\n<script type=\"application\/ld+json\" class=\"yoast-schema-graph\">{\"@context\":\"https:\/\/schema.org\",\"@graph\":[{\"@type\":\"WebPage\",\"@id\":\"https:\/\/hego.paris\/en\/book-a-course\/\",\"url\":\"https:\/\/hego.paris\/en\/book-a-course\/\",\"name\":\"Book a Class | HEGO Paris - CrossFit\u00ae, HYROX\u00ae and more\",\"isPartOf\":{\"@id\":\"https:\/\/hego.paris\/en\/#website\"},\"primaryImageOfPage\":{\"@id\":\"https:\/\/hego.paris\/en\/book-a-course\/#primaryimage\"},\"image\":{\"@id\":\"https:\/\/hego.paris\/en\/book-a-course\/#primaryimage\"},\"thumbnailUrl\":\"https:\/\/hego.paris\/wp-content\/uploads\/2024\/11\/Logo-Black.png\",\"datePublished\":\"2024-11-12T11:20:54+00:00\",\"dateModified\":\"2024-11-14T13:48:49+00:00\",\"description\":\"It's easy to book a class at HEGO Paris: CrossFit\u00ae, HYROX\u00ae and other activities await you at our club in the 17th arrondissement. Choose your time slot and join us for a motivating workout!\",\"breadcrumb\":{\"@id\":\"https:\/\/hego.paris\/en\/book-a-course\/#breadcrumb\"},\"inLanguage\":\"en-US\",\"potentialAction\":[{\"@type\":\"ReadAction\",\"target\":[\"https:\/\/hego.paris\/en\/book-a-course\/\"]}]},{\"@type\":\"ImageObject\",\"inLanguage\":\"en-US\",\"@id\":\"https:\/\/hego.paris\/en\/book-a-course\/#primaryimage\",\"url\":\"https:\/\/hego.paris\/wp-content\/uploads\/2024\/11\/Logo-Black.png\",\"contentUrl\":\"https:\/\/hego.paris\/wp-content\/uploads\/2024\/11\/Logo-Black.png\",\"width\":2160,\"height\":2160},{\"@type\":\"BreadcrumbList\",\"@id\":\"https:\/\/hego.paris\/en\/book-a-course\/#breadcrumb\",\"itemListElement\":[{\"@type\":\"ListItem\",\"position\":1,\"name\":\"Accueil\",\"item\":\"https:\/\/hego.paris\/en\/\"},{\"@type\":\"ListItem\",\"position\":2,\"name\":\"Book a course\"}]},{\"@type\":\"WebSite\",\"@id\":\"https:\/\/hego.paris\/en\/#website\",\"url\":\"https:\/\/hego.paris\/en\/\",\"name\":\"HEGO Batignolles CrossFit\u00ae\ufe0f\/Hyrox\u00ae\ufe0f\",\"description\":\"\u00c9levez vos limites, r\u00e9v\u00e9lez votre puissance\",\"publisher\":{\"@id\":\"https:\/\/hego.paris\/en\/#organization\"},\"potentialAction\":[{\"@type\":\"SearchAction\",\"target\":{\"@type\":\"EntryPoint\",\"urlTemplate\":\"https:\/\/hego.paris\/en\/?s={search_term_string}\"},\"query-input\":{\"@type\":\"PropertyValueSpecification\",\"valueRequired\":true,\"valueName\":\"search_term_string\"}}],\"inLanguage\":\"en-US\"},{\"@type\":\"Organization\",\"@id\":\"https:\/\/hego.paris\/en\/#organization\",\"name\":\"HEGO Batignolles CrossFit\u00ae\ufe0f\/Hyrox\u00ae\ufe0f\",\"url\":\"https:\/\/hego.paris\/en\/\",\"logo\":{\"@type\":\"ImageObject\",\"inLanguage\":\"en-US\",\"@id\":\"https:\/\/hego.paris\/en\/#\/schema\/logo\/image\/\",\"url\":\"https:\/\/hego.paris\/wp-content\/uploads\/2024\/11\/Logo-Black.png\",\"contentUrl\":\"https:\/\/hego.paris\/wp-content\/uploads\/2024\/11\/Logo-Black.png\",\"width\":2160,\"height\":2160,\"caption\":\"HEGO Batignolles CrossFit\u00ae\ufe0f\/Hyrox\u00ae\ufe0f\"},\"image\":{\"@id\":\"https:\/\/hego.paris\/en\/#\/schema\/logo\/image\/\"}}]}<\/script>\n<!-- \/ Yoast SEO plugin. -->","yoast_head_json":{"title":"Book a Class | HEGO Paris - CrossFit\u00ae, HYROX\u00ae and more","description":"It's easy to book a class at HEGO Paris: CrossFit\u00ae, HYROX\u00ae and other activities await you at our club in the 17th arrondissement. Choose your time slot and join us for a motivating workout!","robots":{"index":"index","follow":"follow","max-snippet":"max-snippet:-1","max-image-preview":"max-image-preview:large","max-video-preview":"max-video-preview:-1"},"canonical":"https:\/\/hego.paris\/en\/book-a-course\/","schema":{"@context":"https:\/\/schema.org","@graph":[{"@type":"WebPage","@id":"https:\/\/hego.paris\/en\/book-a-course\/","url":"https:\/\/hego.paris\/en\/book-a-course\/","name":"Book a Class | HEGO Paris - CrossFit\u00ae, HYROX\u00ae and more","isPartOf":{"@id":"https:\/\/hego.paris\/en\/#website"},"primaryImageOfPage":{"@id":"https:\/\/hego.paris\/en\/book-a-course\/#primaryimage"},"image":{"@id":"https:\/\/hego.paris\/en\/book-a-course\/#primaryimage"},"thumbnailUrl":"https:\/\/hego.paris\/wp-content\/uploads\/2024\/11\/Logo-Black.png","datePublished":"2024-11-12T11:20:54+00:00","dateModified":"2024-11-14T13:48:49+00:00","description":"It's easy to book a class at HEGO Paris: CrossFit\u00ae, HYROX\u00ae and other activities await you at our club in the 17th arrondissement. Choose your time slot and join us for a motivating workout!","breadcrumb":{"@id":"https:\/\/hego.paris\/en\/book-a-course\/#breadcrumb"},"inLanguage":"en-US","potentialAction":[{"@type":"ReadAction","target":["https:\/\/hego.paris\/en\/book-a-course\/"]}]},{"@type":"ImageObject","inLanguage":"en-US","@id":"https:\/\/hego.paris\/en\/book-a-course\/#primaryimage","url":"https:\/\/hego.paris\/wp-content\/uploads\/2024\/11\/Logo-Black.png","contentUrl":"https:\/\/hego.paris\/wp-content\/uploads\/2024\/11\/Logo-Black.png","width":2160,"height":2160},{"@type":"BreadcrumbList","@id":"https:\/\/hego.paris\/en\/book-a-course\/#breadcrumb","itemListElement":[{"@type":"ListItem","position":1,"name":"Accueil","item":"https:\/\/hego.paris\/en\/"},{"@type":"ListItem","position":2,"name":"Book a course"}]},{"@type":"WebSite","@id":"https:\/\/hego.paris\/en\/#website","url":"https:\/\/hego.paris\/en\/","name":"HEGO Batignolles CrossFit\u00ae\ufe0f\/Hyrox\u00ae\ufe0f","description":"\u00c9levez vos limites, r\u00e9v\u00e9lez votre puissance","publisher":{"@id":"https:\/\/hego.paris\/en\/#organization"},"potentialAction":[{"@type":"SearchAction","target":{"@type":"EntryPoint","urlTemplate":"https:\/\/hego.paris\/en\/?s={search_term_string}"},"query-input":{"@type":"PropertyValueSpecification","valueRequired":true,"valueName":"search_term_string"}}],"inLanguage":"en-US"},{"@type":"Organization","@id":"https:\/\/hego.paris\/en\/#organization","name":"HEGO Batignolles CrossFit\u00ae\ufe0f\/Hyrox\u00ae\ufe0f","url":"https:\/\/hego.paris\/en\/","logo":{"@type":"ImageObject","inLanguage":"en-US","@id":"https:\/\/hego.paris\/en\/#\/schema\/logo\/image\/","url":"https:\/\/hego.paris\/wp-content\/uploads\/2024\/11\/Logo-Black.png","contentUrl":"https:\/\/hego.paris\/wp-content\/uploads\/2024\/11\/Logo-Black.png","width":2160,"height":2160,"caption":"HEGO Batignolles CrossFit\u00ae\ufe0f\/Hyrox\u00ae\ufe0f"},"image":{"@id":"https:\/\/hego.paris\/en\/#\/schema\/logo\/image\/"}}]}},"_links":{"self":[{"href":"https:\/\/hego.paris\/en\/wp-json\/wp\/v2\/pages\/4198","targetHints":{"allow":["GET"]}}],"collection":[{"href":"https:\/\/hego.paris\/en\/wp-json\/wp\/v2\/pages"}],"about":[{"href":"https:\/\/hego.paris\/en\/wp-json\/wp\/v2\/types\/page"}],"author":[{"embeddable":true,"href":"https:\/\/hego.paris\/en\/wp-json\/wp\/v2\/users\/9"}],"replies":[{"embeddable":true,"href":"https:\/\/hego.paris\/en\/wp-json\/wp\/v2\/comments?post=4198"}],"version-history":[{"count":0,"href":"https:\/\/hego.paris\/en\/wp-json\/wp\/v2\/pages\/4198\/revisions"}],"wp:featuredmedia":[{"embeddable":true,"href":"https:\/\/hego.paris\/en\/wp-json\/wp\/v2\/media\/4006"}],"wp:attachment":[{"href":"https:\/\/hego.paris\/en\/wp-json\/wp\/v2\/media?parent=4198"}],"curies":[{"name":"wp","href":"https:\/\/api.w.org\/{rel}","templated":true}]}}