{"id":4190,"date":"2024-11-12T12:22:02","date_gmt":"2024-11-12T11:22:02","guid":{"rendered":"https:\/\/hegobatignolles.rigodolo.com\/planning\/"},"modified":"2024-11-14T14:48:16","modified_gmt":"2024-11-14T13:48:16","slug":"planning","status":"publish","type":"page","link":"https:\/\/hego.paris\/en\/planning\/","title":{"rendered":"Planning"},"content":{"rendered":"\t\t<div data-elementor-type=\"wp-page\" data-elementor-id=\"4190\" class=\"elementor elementor-4190\" data-elementor-post-type=\"page\">\n\t\t\t\t<div class=\"elementor-element elementor-element-306c146 e-flex e-con-boxed e-con e-parent\" data-id=\"306c146\" data-element_type=\"container\" data-settings=\"{&quot;background_background&quot;:&quot;classic&quot;}\">\n\t\t\t\t\t<div class=\"e-con-inner\">\n\t\t<div class=\"elementor-element elementor-element-4f26bc3 e-con-full e-flex e-con e-child\" data-id=\"4f26bc3\" data-element_type=\"container\">\n\t\t\t\t<div class=\"elementor-element elementor-element-41e3167 elementor-widget elementor-widget-heading\" data-id=\"41e3167\" data-element_type=\"widget\" data-widget_type=\"heading.default\">\n\t\t\t\t<div class=\"elementor-widget-container\">\n\t\t\t\t\t<h1 class=\"elementor-heading-title elementor-size-default\">HEGO Paris Course Schedule - Organize your training\n\n\n\n\n\n<\/h1>\t\t\t\t<\/div>\n\t\t\t\t<\/div>\n\t\t\t\t<div class=\"elementor-element elementor-element-88ba610 elementor-widget elementor-widget-heading\" data-id=\"88ba610\" data-element_type=\"widget\" data-widget_type=\"heading.default\">\n\t\t\t\t<div class=\"elementor-widget-container\">\n\t\t\t\t\t<span class=\"elementor-heading-title elementor-size-default\">Planning<\/span>\t\t\t\t<\/div>\n\t\t\t\t<\/div>\n\t\t\t\t<\/div>\n\t\t\t\t\t<\/div>\n\t\t\t\t<\/div>\n\t\t<div class=\"elementor-element elementor-element-bbf5317 e-flex e-con-boxed e-con e-parent\" data-id=\"bbf5317\" data-element_type=\"container\">\n\t\t\t\t\t<div class=\"e-con-inner\">\n\t\t\t\t<div class=\"elementor-element elementor-element-eb487cb elementor-widget elementor-widget-heading\" data-id=\"eb487cb\" data-element_type=\"widget\" data-widget_type=\"heading.default\">\n\t\t\t\t<div class=\"elementor-widget-container\">\n\t\t\t\t\t<h2 class=\"elementor-heading-title elementor-size-default\">Plan your sporting journey\n\n<\/h2>\t\t\t\t<\/div>\n\t\t\t\t<\/div>\n\t\t\t\t<div class=\"elementor-element elementor-element-65349c6 elementor-widget elementor-widget-heading\" data-id=\"65349c6\" data-element_type=\"widget\" data-widget_type=\"heading.default\">\n\t\t\t\t<div class=\"elementor-widget-container\">\n\t\t\t\t\t<span class=\"elementor-heading-title elementor-size-default\">A schedule designed to help you progress\n\n\n\n\n\n\n<\/span>\t\t\t\t<\/div>\n\t\t\t\t<\/div>\n\t\t\t\t<div class=\"elementor-element elementor-element-ae897c1 elementor-widget elementor-widget-html\" data-id=\"ae897c1\" data-element_type=\"widget\" data-widget_type=\"html.default\">\n\t\t\t\t<div class=\"elementor-widget-container\">\n\t\t\t\t\t<div style=\"overflow:hidden !important; position:relative; padding-top:125vh;\">\n  <iframe style=\"position:absolute; overflow-x:hidden !important; height:100%; width:100%; left:0; top:0; border:0;\" frameborder=\"0\" allowfullscreen=\"\" srcdoc=\"  &lt;script id=\"insert-bsport-widget-cdn\"&gt;!function (b, s, p, o, r, t) { !typeof window.BsportWidget !== \"undefined\" &amp;&amp; !document.getElementById(\"bsport-widget-cdn\") &amp;&amp; !function () { m = b.createElement(s), m.id = \"bsport-widget-cdn\", m.src = p, b.getElementsByTagName(\"head\")[0].appendChild(m) }() }(document, \"script\", \"https:\/\/cdn.bsport.io\/scripts\/widget.js\")&lt;!-- wpml:html_fragment &lt;\/script&gt; --&gt;                     &lt;script id=\"bsport-widget-mount\"&gt;                         function MountBsportWidget(config, repeat=1) {                             if (repeat &gt; 50) { return }                             if (!window.BsportWidget) {                                 return setTimeout(() =&gt; {                                     MountBsportWidget(config,repeat+1)                                 }, 100 * repeat || 1)                             }                             BsportWidget.mount(config)                         }                     &lt;\/script&gt;                     &lt;script&gt;                         MountBsportWidget({                                 \"parentElement\": \"bsport-widget-757674\",                                 \"companyId\": 469,                                 \"franchiseId\": null,                                 \"dialogMode\": 0,                                 \"widgetType\": \"calendar\",                                  \"showFab\": false,                                 \"fullScreenPopup\": false,                                 \"styles\":undefined,                                 \"config\": {                                     \"calendar\": {}                                 }                               })                     &lt;\/script&gt;                 &lt;div id=\"bsport-widget-757674\"&gt;&lt;\/div&gt;  \">\n  <\/iframe>\n<\/div>\t\t\t\t<\/div>\n\t\t\t\t<\/div>\n\t\t\t\t\t<\/div>\n\t\t\t\t<\/div>\n\t\t\t\t<\/div>\n\t\t","protected":false},"excerpt":{"rendered":"<p>HEGO Paris Course Schedule &#8211; Organize your training Plan your sporting journey A schedule designed to help you progress<\/p>\n","protected":false},"author":9,"featured_media":4006,"parent":0,"menu_order":0,"comment_status":"closed","ping_status":"closed","template":"","meta":{"_acf_changed":false,"footnotes":""},"class_list":["post-4190","page","type-page","status-publish","has-post-thumbnail","hentry"],"acf":[],"yoast_head":"<!-- This site is optimized with the Yoast SEO plugin v25.5 - https:\/\/yoast.com\/wordpress\/plugins\/seo\/ -->\n<title>Schedule of HEGO Paris | CrossFit\u00ae &amp; HYROX\u00ae classes in Paris 17<\/title>\n<meta name=\"description\" content=\"Take a look at the HEGO Paris schedule and find the ideal slot for your CrossFit\u00ae, HYROX\u00ae and other training sessions. Organize your progress in the heart of the 17th arrondissement with a schedule adapted to all levels!\" \/>\n<meta name=\"robots\" content=\"index, follow, max-snippet:-1, max-image-preview:large, max-video-preview:-1\" \/>\n<link rel=\"canonical\" href=\"https:\/\/hego.paris\/en\/planning\/\" \/>\n<script type=\"application\/ld+json\" class=\"yoast-schema-graph\">{\"@context\":\"https:\/\/schema.org\",\"@graph\":[{\"@type\":\"WebPage\",\"@id\":\"https:\/\/hego.paris\/en\/planning\/\",\"url\":\"https:\/\/hego.paris\/en\/planning\/\",\"name\":\"Schedule of HEGO Paris | CrossFit\u00ae & HYROX\u00ae classes in Paris 17\",\"isPartOf\":{\"@id\":\"https:\/\/hego.paris\/en\/#website\"},\"primaryImageOfPage\":{\"@id\":\"https:\/\/hego.paris\/en\/planning\/#primaryimage\"},\"image\":{\"@id\":\"https:\/\/hego.paris\/en\/planning\/#primaryimage\"},\"thumbnailUrl\":\"https:\/\/hego.paris\/wp-content\/uploads\/2024\/11\/Logo-Black.png\",\"datePublished\":\"2024-11-12T11:22:02+00:00\",\"dateModified\":\"2024-11-14T13:48:16+00:00\",\"description\":\"Take a look at the HEGO Paris schedule and find the ideal slot for your CrossFit\u00ae, HYROX\u00ae and other training sessions. Organize your progress in the heart of the 17th arrondissement with a schedule adapted to all levels!\",\"breadcrumb\":{\"@id\":\"https:\/\/hego.paris\/en\/planning\/#breadcrumb\"},\"inLanguage\":\"en-US\",\"potentialAction\":[{\"@type\":\"ReadAction\",\"target\":[\"https:\/\/hego.paris\/en\/planning\/\"]}]},{\"@type\":\"ImageObject\",\"inLanguage\":\"en-US\",\"@id\":\"https:\/\/hego.paris\/en\/planning\/#primaryimage\",\"url\":\"https:\/\/hego.paris\/wp-content\/uploads\/2024\/11\/Logo-Black.png\",\"contentUrl\":\"https:\/\/hego.paris\/wp-content\/uploads\/2024\/11\/Logo-Black.png\",\"width\":2160,\"height\":2160},{\"@type\":\"BreadcrumbList\",\"@id\":\"https:\/\/hego.paris\/en\/planning\/#breadcrumb\",\"itemListElement\":[{\"@type\":\"ListItem\",\"position\":1,\"name\":\"Accueil\",\"item\":\"https:\/\/hego.paris\/en\/\"},{\"@type\":\"ListItem\",\"position\":2,\"name\":\"Planning\"}]},{\"@type\":\"WebSite\",\"@id\":\"https:\/\/hego.paris\/en\/#website\",\"url\":\"https:\/\/hego.paris\/en\/\",\"name\":\"HEGO Batignolles CrossFit\u00ae\ufe0f\/Hyrox\u00ae\ufe0f\",\"description\":\"\u00c9levez vos limites, r\u00e9v\u00e9lez votre puissance\",\"publisher\":{\"@id\":\"https:\/\/hego.paris\/en\/#organization\"},\"potentialAction\":[{\"@type\":\"SearchAction\",\"target\":{\"@type\":\"EntryPoint\",\"urlTemplate\":\"https:\/\/hego.paris\/en\/?s={search_term_string}\"},\"query-input\":{\"@type\":\"PropertyValueSpecification\",\"valueRequired\":true,\"valueName\":\"search_term_string\"}}],\"inLanguage\":\"en-US\"},{\"@type\":\"Organization\",\"@id\":\"https:\/\/hego.paris\/en\/#organization\",\"name\":\"HEGO Batignolles CrossFit\u00ae\ufe0f\/Hyrox\u00ae\ufe0f\",\"url\":\"https:\/\/hego.paris\/en\/\",\"logo\":{\"@type\":\"ImageObject\",\"inLanguage\":\"en-US\",\"@id\":\"https:\/\/hego.paris\/en\/#\/schema\/logo\/image\/\",\"url\":\"https:\/\/hego.paris\/wp-content\/uploads\/2024\/11\/Logo-Black.png\",\"contentUrl\":\"https:\/\/hego.paris\/wp-content\/uploads\/2024\/11\/Logo-Black.png\",\"width\":2160,\"height\":2160,\"caption\":\"HEGO Batignolles CrossFit\u00ae\ufe0f\/Hyrox\u00ae\ufe0f\"},\"image\":{\"@id\":\"https:\/\/hego.paris\/en\/#\/schema\/logo\/image\/\"}}]}<\/script>\n<!-- \/ Yoast SEO plugin. -->","yoast_head_json":{"title":"Schedule of HEGO Paris | CrossFit\u00ae & HYROX\u00ae classes in Paris 17","description":"Take a look at the HEGO Paris schedule and find the ideal slot for your CrossFit\u00ae, HYROX\u00ae and other training sessions. Organize your progress in the heart of the 17th arrondissement with a schedule adapted to all levels!","robots":{"index":"index","follow":"follow","max-snippet":"max-snippet:-1","max-image-preview":"max-image-preview:large","max-video-preview":"max-video-preview:-1"},"canonical":"https:\/\/hego.paris\/en\/planning\/","schema":{"@context":"https:\/\/schema.org","@graph":[{"@type":"WebPage","@id":"https:\/\/hego.paris\/en\/planning\/","url":"https:\/\/hego.paris\/en\/planning\/","name":"Schedule of HEGO Paris | CrossFit\u00ae & HYROX\u00ae classes in Paris 17","isPartOf":{"@id":"https:\/\/hego.paris\/en\/#website"},"primaryImageOfPage":{"@id":"https:\/\/hego.paris\/en\/planning\/#primaryimage"},"image":{"@id":"https:\/\/hego.paris\/en\/planning\/#primaryimage"},"thumbnailUrl":"https:\/\/hego.paris\/wp-content\/uploads\/2024\/11\/Logo-Black.png","datePublished":"2024-11-12T11:22:02+00:00","dateModified":"2024-11-14T13:48:16+00:00","description":"Take a look at the HEGO Paris schedule and find the ideal slot for your CrossFit\u00ae, HYROX\u00ae and other training sessions. Organize your progress in the heart of the 17th arrondissement with a schedule adapted to all levels!","breadcrumb":{"@id":"https:\/\/hego.paris\/en\/planning\/#breadcrumb"},"inLanguage":"en-US","potentialAction":[{"@type":"ReadAction","target":["https:\/\/hego.paris\/en\/planning\/"]}]},{"@type":"ImageObject","inLanguage":"en-US","@id":"https:\/\/hego.paris\/en\/planning\/#primaryimage","url":"https:\/\/hego.paris\/wp-content\/uploads\/2024\/11\/Logo-Black.png","contentUrl":"https:\/\/hego.paris\/wp-content\/uploads\/2024\/11\/Logo-Black.png","width":2160,"height":2160},{"@type":"BreadcrumbList","@id":"https:\/\/hego.paris\/en\/planning\/#breadcrumb","itemListElement":[{"@type":"ListItem","position":1,"name":"Accueil","item":"https:\/\/hego.paris\/en\/"},{"@type":"ListItem","position":2,"name":"Planning"}]},{"@type":"WebSite","@id":"https:\/\/hego.paris\/en\/#website","url":"https:\/\/hego.paris\/en\/","name":"HEGO Batignolles CrossFit\u00ae\ufe0f\/Hyrox\u00ae\ufe0f","description":"\u00c9levez vos limites, r\u00e9v\u00e9lez votre puissance","publisher":{"@id":"https:\/\/hego.paris\/en\/#organization"},"potentialAction":[{"@type":"SearchAction","target":{"@type":"EntryPoint","urlTemplate":"https:\/\/hego.paris\/en\/?s={search_term_string}"},"query-input":{"@type":"PropertyValueSpecification","valueRequired":true,"valueName":"search_term_string"}}],"inLanguage":"en-US"},{"@type":"Organization","@id":"https:\/\/hego.paris\/en\/#organization","name":"HEGO Batignolles CrossFit\u00ae\ufe0f\/Hyrox\u00ae\ufe0f","url":"https:\/\/hego.paris\/en\/","logo":{"@type":"ImageObject","inLanguage":"en-US","@id":"https:\/\/hego.paris\/en\/#\/schema\/logo\/image\/","url":"https:\/\/hego.paris\/wp-content\/uploads\/2024\/11\/Logo-Black.png","contentUrl":"https:\/\/hego.paris\/wp-content\/uploads\/2024\/11\/Logo-Black.png","width":2160,"height":2160,"caption":"HEGO Batignolles CrossFit\u00ae\ufe0f\/Hyrox\u00ae\ufe0f"},"image":{"@id":"https:\/\/hego.paris\/en\/#\/schema\/logo\/image\/"}}]}},"_links":{"self":[{"href":"https:\/\/hego.paris\/en\/wp-json\/wp\/v2\/pages\/4190","targetHints":{"allow":["GET"]}}],"collection":[{"href":"https:\/\/hego.paris\/en\/wp-json\/wp\/v2\/pages"}],"about":[{"href":"https:\/\/hego.paris\/en\/wp-json\/wp\/v2\/types\/page"}],"author":[{"embeddable":true,"href":"https:\/\/hego.paris\/en\/wp-json\/wp\/v2\/users\/9"}],"replies":[{"embeddable":true,"href":"https:\/\/hego.paris\/en\/wp-json\/wp\/v2\/comments?post=4190"}],"version-history":[{"count":0,"href":"https:\/\/hego.paris\/en\/wp-json\/wp\/v2\/pages\/4190\/revisions"}],"wp:featuredmedia":[{"embeddable":true,"href":"https:\/\/hego.paris\/en\/wp-json\/wp\/v2\/media\/4006"}],"wp:attachment":[{"href":"https:\/\/hego.paris\/en\/wp-json\/wp\/v2\/media?parent=4190"}],"curies":[{"name":"wp","href":"https:\/\/api.w.org\/{rel}","templated":true}]}}